{"id":25,"date":"2025-11-05T17:20:42","date_gmt":"2025-11-05T17:20:42","guid":{"rendered":"https:\/\/pizzawerk-zueschen.de\/?page_id=25"},"modified":"2026-01-19T17:05:31","modified_gmt":"2026-01-19T17:05:31","slug":"startseite","status":"publish","type":"page","link":"https:\/\/pizzawerk-zueschen.de\/","title":{"rendered":"Startseite"},"content":{"rendered":"<p>[et_pb_section fb_built=&#8220;1&#8243; admin_label=&#8220;Header&#8220; module_id=&#8220;home&#8220; _builder_version=&#8220;4.27.4&#8243; _module_preset=&#8220;default&#8220; use_background_color_gradient=&#8220;on&#8220; background_color_gradient_stops=&#8220;rgba(255,255,255,0) 0%|gcid-0b3648c3-2401-4522-b561-c93abc2c011d 100%&#8220; background_color_gradient_overlays_image=&#8220;on&#8220; background_image=&#8220;https:\/\/pizzawerk-zueschen.de\/wp-content\/uploads\/2025\/11\/555782a4-f2c8-468b-93d6-82306f875d60-scaled-e1762360630656.jpg&#8220; custom_padding=&#8220;10vw||30vw||false|false&#8220; collapsed=&#8220;off&#8220; global_colors_info=&#8220;{%22gcid-0b3648c3-2401-4522-b561-c93abc2c011d%22:%91%22background_color_gradient_stops%22%93}&#8220;][et_pb_row _builder_version=&#8220;4.27.4&#8243; _module_preset=&#8220;default&#8220; width=&#8220;100%&#8220; custom_padding=&#8220;|0px||||&#8220; global_colors_info=&#8220;{}&#8220;][et_pb_column type=&#8220;4_4&#8243; _builder_version=&#8220;4.27.4&#8243; _module_preset=&#8220;default&#8220; global_colors_info=&#8220;{}&#8220;][et_pb_text _builder_version=&#8220;4.27.4&#8243; _module_preset=&#8220;75fe4e08-e43a-463f-8681-a900208af07f&#8220; text_text_color=&#8220;gcid-0b3648c3-2401-4522-b561-c93abc2c011d&#8220; header_font=&#8220;|700|||||||&#8220; header_text_color=&#8220;gcid-0b3648c3-2401-4522-b561-c93abc2c011d&#8220; background_color=&#8220;rgba(58,63,68,0.55)&#8220; text_orientation=&#8220;center&#8220; max_width=&#8220;73%&#8220; max_width_tablet=&#8220;73%&#8220; max_width_phone=&#8220;79%&#8220; max_width_last_edited=&#8220;on|phone&#8220; module_alignment=&#8220;center&#8220; height=&#8220;100px&#8220; height_tablet=&#8220;100px&#8220; height_phone=&#8220;35px&#8220; height_last_edited=&#8220;on|phone&#8220; custom_margin=&#8220;||||false|false&#8220; border_radii=&#8220;on|20px|20px|20px|20px&#8220; global_colors_info=&#8220;{%22gcid-0b3648c3-2401-4522-b561-c93abc2c011d%22:%91%22text_text_color%22,%22header_text_color%22%93}&#8220;]<\/p>\n<h1>PizzaWerk Z\u00fcschen<\/h1>\n<p>[\/et_pb_text][et_pb_text _builder_version=&#8220;4.27.4&#8243; _module_preset=&#8220;c3927028-6c58-4f0a-bb9a-54e5ada9c3b9&#8243; text_font=&#8220;||||||||&#8220; text_text_color=&#8220;gcid-0b3648c3-2401-4522-b561-c93abc2c011d&#8220; text_font_size=&#8220;21px&#8220; header_font=&#8220;|700|||||||&#8220; header_text_color=&#8220;gcid-0b3648c3-2401-4522-b561-c93abc2c011d&#8220; background_color=&#8220;rgba(58,63,68,0.55)&#8220; text_orientation=&#8220;center&#8220; max_width=&#8220;59%&#8220; max_width_tablet=&#8220;59%&#8220; max_width_phone=&#8220;79%&#8220; max_width_last_edited=&#8220;on|phone&#8220; module_alignment=&#8220;center&#8220; height=&#8220;78px&#8220; height_tablet=&#8220;78px&#8220; height_phone=&#8220;104px&#8220; height_last_edited=&#8220;on|phone&#8220; custom_margin=&#8220;|212px|||false|false&#8220; border_radii=&#8220;on|20px|20px|20px|20px&#8220; global_colors_info=&#8220;{%22gcid-0b3648c3-2401-4522-b561-c93abc2c011d%22:%91%22text_text_color%22,%22header_text_color%22,%22background_color%22%93,%22gcid-ed15a884-bfab-4a16-8ab4-a2e1fa392537%22:%91%22text_text_color%22%93}&#8220;]<\/p>\n<p>Frische, handgemachte Pizza aus dem Pizza-Anh\u00e4nger<br \/>F\u00fcr Feiern, Events &amp; gem\u00fctliche Runden im Hochsauerland<\/p>\n<p>[\/et_pb_text][et_pb_button button_url=&#8220;\/#kontakt&#8220; button_text=&#8220;Jetzt Anfragen&#8220; button_alignment=&#8220;center&#8220; _builder_version=&#8220;4.27.4&#8243; _module_preset=&#8220;fc4f8b6e-7529-4f65-9d33-66d4f6de783c&#8220; global_colors_info=&#8220;{}&#8220;][\/et_pb_button][\/et_pb_column][\/et_pb_row][et_pb_row admin_label=&#8220;Row&#8220; _builder_version=&#8220;4.27.4&#8243; _module_preset=&#8220;default&#8220; positioning=&#8220;absolute&#8220; position_origin_a=&#8220;bottom_left&#8220; width=&#8220;100%&#8220; max_width=&#8220;none&#8220; custom_padding=&#8220;0px||0px||true|false&#8220; locked=&#8220;off&#8220; global_colors_info=&#8220;{}&#8220;][et_pb_column type=&#8220;4_4&#8243; _builder_version=&#8220;4.21.0&#8243; _module_preset=&#8220;default&#8220; global_colors_info=&#8220;{}&#8220;][\/et_pb_column][\/et_pb_row][\/et_pb_section][et_pb_section fb_built=&#8220;1&#8243; admin_label=&#8220;Call to Action&#8220; _builder_version=&#8220;4.27.4&#8243; _module_preset=&#8220;default&#8220; background_color=&#8220;gcid-0b3648c3-2401-4522-b561-c93abc2c011d&#8220; custom_padding=&#8220;||0px|||&#8220; collapsed=&#8220;off&#8220; global_colors_info=&#8220;{%22gcid-0b3648c3-2401-4522-b561-c93abc2c011d%22:%91%22background_color%22%93}&#8220;][et_pb_row column_structure=&#8220;3_5,2_5&#8243; _builder_version=&#8220;4.27.4&#8243; _module_preset=&#8220;default&#8220; custom_margin=&#8220;-14vw||||false|false&#8220; custom_margin_tablet=&#8220;-32vw||||false|false&#8220; custom_margin_phone=&#8220;-32vw||||false|false&#8220; custom_margin_last_edited=&#8220;on|tablet&#8220; global_colors_info=&#8220;{}&#8220;][et_pb_column type=&#8220;3_5&#8243; _builder_version=&#8220;4.27.4&#8243; _module_preset=&#8220;default&#8220; background_color=&#8220;gcid-4b73e4d9-a130-475b-a212-4e71bec4d095&#8243; custom_padding=&#8220;70px|40px|70px|40px|true|true&#8220; custom_padding_tablet=&#8220;30px|30px|30px|30px|true|true&#8220; custom_padding_phone=&#8220;20px|20px|20px|20px|true|true&#8220; custom_padding_last_edited=&#8220;on|tablet&#8220; border_radii=&#8220;on|20px|20px|20px|20px&#8220; global_colors_info=&#8220;{%22gcid-4b73e4d9-a130-475b-a212-4e71bec4d095%22:%91%22background_color%22%93}&#8220;][et_pb_text _builder_version=&#8220;4.27.4&#8243; _module_preset=&#8220;9e0acd49-fe00-4fbc-bb52-b1a4d23a5cfb&#8220; text_font=&#8220;||||||||&#8220; text_text_color=&#8220;gcid-0b3648c3-2401-4522-b561-c93abc2c011d&#8220; global_colors_info=&#8220;{%22gcid-0b3648c3-2401-4522-b561-c93abc2c011d%22:%91%22text_text_color%22%93}&#8220;]<\/p>\n<p><span>Wir bringen euch frische Pizza direkt vor Ort \u2013 mit eigenem Pizza-Anh\u00e4nger und viel Liebe zum Detail.<\/span><br \/><span>Ob Geburtstag, Hochzeit oder sonstige Feier: Wir sorgen f\u00fcr frische Pizza.<\/span><\/p>\n<p>Pizzawerk Z\u00fcschen<br \/>\ud83d\udccd Winterberg &amp; Umgebung<br \/>\ud83d\udce7 hallo@pizzawerk-zueschen.de<\/p>\n<p>Schreib uns gern oder nutz das Kontaktformular f\u00fcr Buchungen oder Fragen!<\/p>\n<p>[\/et_pb_text][\/et_pb_column][et_pb_column type=&#8220;2_5&#8243; _builder_version=&#8220;4.21.0&#8243; _module_preset=&#8220;default&#8220; global_colors_info=&#8220;{}&#8220;][et_pb_image src=&#8220;https:\/\/pizzawerk-zueschen.de\/wp-content\/uploads\/2025\/11\/eine-frisch-gebackene-margherita-pizza-mit-mozzarella-kase-und-basilikumblattern-scaled.png&#8220; title_text=&#8220;eine-frisch-gebackene-margherita-pizza-mit-mozzarella-kase-und-basilikumblattern&#8220; disabled_on=&#8220;on|on|off&#8220; _builder_version=&#8220;4.27.4&#8243; _module_preset=&#8220;default&#8220; custom_margin=&#8220;-16vw|||-8vw|false|false&#8220; custom_margin_tablet=&#8220;0vw|||0vw|false|false&#8220; custom_margin_phone=&#8220;0vw|||0vw|false|false&#8220; custom_margin_last_edited=&#8220;on|tablet&#8220; global_colors_info=&#8220;{}&#8220;][\/et_pb_image][\/et_pb_column][\/et_pb_row][\/et_pb_section][et_pb_section fb_built=&#8220;1&#8243; module_id=&#8220;kontakt&#8220; _builder_version=&#8220;4.27.4&#8243; _module_preset=&#8220;default&#8220; background_color=&#8220;gcid-0b3648c3-2401-4522-b561-c93abc2c011d&#8220; custom_padding=&#8220;0px|||||&#8220; global_colors_info=&#8220;{%22gcid-0b3648c3-2401-4522-b561-c93abc2c011d%22:%91%22background_color%22%93}&#8220;][et_pb_row column_structure=&#8220;1_2,1_2&#8243; _builder_version=&#8220;4.27.4&#8243; _module_preset=&#8220;default&#8220; global_colors_info=&#8220;{}&#8220;][et_pb_column type=&#8220;1_2&#8243; _builder_version=&#8220;4.27.4&#8243; _module_preset=&#8220;default&#8220; global_colors_info=&#8220;{}&#8220;][et_pb_image src=&#8220;https:\/\/pizzawerk-zueschen.de\/wp-content\/uploads\/2025\/11\/IMG_8933-scaled-e1762543378493.jpg&#8220; title_text=&#8220;IMG_8933&#8243; _builder_version=&#8220;4.27.4&#8243; _module_preset=&#8220;default&#8220; border_radii=&#8220;on|20px|20px|20px|20px&#8220; global_colors_info=&#8220;{}&#8220;][\/et_pb_image][\/et_pb_column][et_pb_column type=&#8220;1_2&#8243; _builder_version=&#8220;4.27.4&#8243; _module_preset=&#8220;default&#8220; global_colors_info=&#8220;{}&#8220;][et_pb_heading title=&#8220;Kontaktformular&#8220; _builder_version=&#8220;4.27.4&#8243; _module_preset=&#8220;default&#8220; title_text_align=&#8220;center&#8220; title_text_color=&#8220;gcid-ed15a884-bfab-4a16-8ab4-a2e1fa392537&#8243; global_colors_info=&#8220;{%22gcid-ed15a884-bfab-4a16-8ab4-a2e1fa392537%22:%91%22title_text_color%22%93}&#8220;][\/et_pb_heading][et_pb_code _builder_version=&#8220;4.27.4&#8243; _module_preset=&#8220;default&#8220; hover_enabled=&#8220;0&#8243; sticky_enabled=&#8220;0&#8243;]<noscript class=\"ninja-forms-noscript-message\">\n\tHinweis: F\u00fcr diesen Inhalt ist JavaScript erforderlich.<\/noscript>\n<div id=\"nf-form-2-cont\" class=\"nf-form-cont\" aria-live=\"polite\" aria-labelledby=\"nf-form-title-2\" aria-describedby=\"nf-form-errors-2\" role=\"form\">\n\n    <div class=\"nf-loading-spinner\"><\/div>\n\n<\/div>\n        <!-- That data is being printed as a workaround to page builders reordering the order of the scripts loaded-->\n        <script>var formDisplay=1;var nfForms=nfForms||[];var form=[];form.id='2';form.settings={\"objectType\":\"Form Setting\",\"editActive\":\"1\",\"title\":\"Enquiry\",\"form_title\":\"Enquiry\",\"default_label_pos\":\"above\",\"show_title\":\"0\",\"clear_complete\":\"1\",\"hide_complete\":\"1\",\"logged_in\":\"0\",\"wrapper_class\":\"\",\"element_class\":\"\",\"key\":\"\",\"add_submit\":\"1\",\"currency\":\"\",\"unique_field_error\":\"A form with this value has already been submitted.\",\"not_logged_in_msg\":\"\",\"sub_limit_msg\":\"The form has reached its submission limit.\",\"calculations\":[],\"formContentData\":[\"name_1768842172960\",\"email_1523908522614\",\"deine_nachricht_1768842202546\",\"senden_1768842169930\"],\"drawerDisabled\":\"\",\"allow_public_link\":0,\"public_link\":\"https:\\\/\\\/pizzawerk-zueschen.de\\\/?nf_public_link=28nal\",\"embed_form\":\"\",\"form_title_heading_level\":\"3\",\"public_link_key\":\"28nal\",\"ninjaForms\":\"Ninja Forms\",\"changeEmailErrorMsg\":\"Bitte gib eine g\\u00fcltige E-Mail-Adresse ein.\",\"changeDateErrorMsg\":\"Bitte gib ein g\\u00fcltiges Datum ein!\",\"confirmFieldErrorMsg\":\"Diese Felder m\\u00fcssen \\u00fcbereinstimmen!\",\"fieldNumberNumMinError\":\"Die eingegebene Zahl ist zu klein.\",\"fieldNumberNumMaxError\":\"Die eingegebene Zahl ist zu gross.\",\"fieldNumberIncrementBy\":\"Bitte erh\\u00f6hen in Schritten von\",\"fieldTextareaRTEInsertLink\":\"Link einf\\u00fcgen\",\"fieldTextareaRTEInsertMedia\":\"Medien einf\\u00fcgen\",\"fieldTextareaRTESelectAFile\":\"Eine Datei ausw\\u00e4hlen\",\"formErrorsCorrectErrors\":\"Bitte korrigiere die Fehler, bevor du das Formular sendest.\",\"formHoneypot\":\"Falls du ein Mensch bist und dieses Feld siehst, dann lasse es bitte leer.\",\"validateRequiredField\":\"Dies ist ein Pflichtfeld.\",\"honeypotHoneypotError\":\"Honeypot-Fehler\",\"fileUploadOldCodeFileUploadInProgress\":\"Datei-Upload l\\u00e4uft.\",\"fileUploadOldCodeFileUpload\":\"DATEI-UPLOAD\",\"currencySymbol\":false,\"fieldsMarkedRequired\":\"Felder mit einem <span class=\\\"ninja-forms-req-symbol\\\">*<\\\/span> sind Pflichtfelder\",\"thousands_sep\":\".\",\"decimal_point\":\",\",\"siteLocale\":\"de_DE\",\"dateFormat\":\"m\\\/d\\\/Y\",\"startOfWeek\":\"1\",\"of\":\"von\",\"previousMonth\":\"Vorheriger Monat\",\"nextMonth\":\"N\\u00e4chster Monat\",\"months\":[\"Januar\",\"Februar\",\"M\\u00e4rz\",\"April\",\"Mai\",\"Juni\",\"Juli\",\"August\",\"September\",\"Oktober\",\"November\",\"Dezember\"],\"monthsShort\":[\"Jan.\",\"Feb.\",\"M\\u00e4rz\",\"Apr.\",\"Mai\",\"Juni\",\"Juli\",\"Aug\",\"Sep.\",\"Okt.\",\"Nov.\",\"Dez.\"],\"weekdays\":[\"Sonntag\",\"Montag\",\"Dienstag\",\"Mittwoch\",\"Donnerstag\",\"Freitag\",\"Samstag\"],\"weekdaysShort\":[\"So.\",\"Mo.\",\"Di.\",\"Mi.\",\"Do.\",\"Fr.\",\"Sa.\"],\"weekdaysMin\":[\"So.\",\"Mo.\",\"Di.\",\"Mi.\",\"Do.\",\"Fr.\",\"Sa.\"],\"recaptchaConsentMissing\":\"reCaptcha validation couldn&#039;t load.\",\"recaptchaMissingCookie\":\"reCaptcha v3 validation couldn&#039;t load the cookie needed to submit the form.\",\"recaptchaConsentEvent\":\"Accept reCaptcha cookies before sending the form.\",\"currency_symbol\":\"\",\"beforeForm\":\"\",\"beforeFields\":\"\",\"afterFields\":\"\",\"afterForm\":\"\"};form.fields=[{\"objectType\":\"Field\",\"objectDomain\":\"fields\",\"editActive\":false,\"order\":1,\"idAttribute\":\"id\",\"label\":\"Name\",\"type\":\"firstname\",\"key\":\"name_1768842172960\",\"label_pos\":\"above\",\"required\":1,\"default\":\"\",\"placeholder\":\"\",\"container_class\":\"one-half first\",\"element_class\":\"\",\"admin_label\":\"\",\"help_text\":\"\",\"custom_name_attribute\":\"fname\",\"field_label\":\"First Name\",\"field_key\":\"firstname_1523908368154\",\"personally_identifiable\":1,\"value\":\"\",\"drawerDisabled\":false,\"id\":5,\"beforeField\":\"\",\"afterField\":\"\",\"parentType\":\"firstname\",\"element_templates\":[\"firstname\",\"input\"],\"old_classname\":\"\",\"wrap_template\":\"wrap\"},{\"objectType\":\"Field\",\"objectDomain\":\"fields\",\"editActive\":false,\"order\":2,\"idAttribute\":\"id\",\"label\":\"Email\",\"type\":\"email\",\"key\":\"email_1523908522614\",\"label_pos\":\"above\",\"required\":\"\",\"default\":\"\",\"placeholder\":\"\",\"container_class\":\"\",\"element_class\":\"\",\"admin_label\":\"\",\"help_text\":\"\",\"custom_name_attribute\":\"email\",\"field_label\":\"Email\",\"field_key\":\"email_1523908522614\",\"personally_identifiable\":1,\"value\":\"\",\"id\":7,\"beforeField\":\"\",\"afterField\":\"\",\"parentType\":\"email\",\"element_templates\":[\"email\",\"input\"],\"old_classname\":\"\",\"wrap_template\":\"wrap\"},{\"objectType\":\"Field\",\"objectDomain\":\"fields\",\"editActive\":false,\"order\":3,\"idAttribute\":\"id\",\"label\":\"Deine Nachricht\",\"type\":\"textarea\",\"key\":\"deine_nachricht_1768842202546\",\"label_pos\":\"above\",\"required\":1,\"default\":\"\",\"placeholder\":\"\",\"container_class\":\"\",\"element_class\":\"\",\"input_limit\":\"\",\"input_limit_type\":\"characters\",\"input_limit_msg\":\"verbleibende(s) Zeichen\",\"manual_key\":false,\"admin_label\":\"\",\"help_text\":\"\",\"textarea_rte\":\"\",\"disable_rte_mobile\":\"\",\"textarea_media\":\"\",\"value\":\"\",\"drawerDisabled\":false,\"id\":15,\"beforeField\":\"\",\"afterField\":\"\",\"parentType\":\"textarea\",\"element_templates\":[\"textarea\",\"input\"],\"old_classname\":\"\",\"wrap_template\":\"wrap\"},{\"objectType\":\"Field\",\"objectDomain\":\"fields\",\"editActive\":false,\"order\":4,\"idAttribute\":\"id\",\"type\":\"submit\",\"label\":\"Senden\",\"processing_label\":\"Processing\",\"container_class\":\"\",\"element_class\":\"\",\"key\":\"senden_1768842169930\",\"field_label\":\"Submit\",\"field_key\":\"submit_1523908548082\",\"admin_label\":\"\",\"id\":14,\"beforeField\":\"\",\"afterField\":\"\",\"value\":\"\",\"label_pos\":\"above\",\"parentType\":\"textbox\",\"element_templates\":[\"submit\",\"button\",\"input\"],\"old_classname\":\"\",\"wrap_template\":\"wrap-no-label\"}];nfForms.push(form);<\/script>\n        [\/et_pb_code][\/et_pb_column][\/et_pb_row][\/et_pb_section][et_pb_section fb_built=&#8220;1&#8243; admin_label=&#8220;Sektion&#8220; module_id=&#8220;hier-findest-du-uns&#8220; _builder_version=&#8220;4.27.4&#8243; _module_preset=&#8220;default&#8220; background_color=&#8220;gcid-ed15a884-bfab-4a16-8ab4-a2e1fa392537&#8243; z_index=&#8220;-500&#8243; global_colors_info=&#8220;{%22gcid-ed15a884-bfab-4a16-8ab4-a2e1fa392537%22:%91%22background_color%22%93}&#8220;][et_pb_row _builder_version=&#8220;4.27.4&#8243; _module_preset=&#8220;default&#8220; global_colors_info=&#8220;{}&#8220;][et_pb_column type=&#8220;4_4&#8243; _builder_version=&#8220;4.27.4&#8243; _module_preset=&#8220;default&#8220; global_colors_info=&#8220;{}&#8220;][et_pb_text _builder_version=&#8220;4.27.4&#8243; _module_preset=&#8220;1de27754-5d83-4247-b304-52c111c4bd6e&#8220; header_2_text_color=&#8220;#FFFFFF&#8220; global_colors_info=&#8220;{}&#8220;]<\/p>\n<h2 style=\"text-align: center;\">Hier findest du uns<\/h2>\n<p>[\/et_pb_text][ecmd_events_layouts layout_style=&#8220;style2&#8243; show_event_image=&#8220;off&#8220; show_find_out_more=&#8220;off&#8220; layout_background_color=&#8220;gcid-0b3648c3-2401-4522-b561-c93abc2c011d&#8220; layout_background_color__hover=&#8220;#fff5ea&#8220; date_highlight_text_color=&#8220;gcid-0b3648c3-2401-4522-b561-c93abc2c011d&#8220; date_highlight_backgroud_color=&#8220;gcid-ed15a884-bfab-4a16-8ab4-a2e1fa392537&#8243; _builder_version=&#8220;4.27.4&#8243; _module_preset=&#8220;default&#8220; global_colors_info=&#8220;{%22gcid-0b3648c3-2401-4522-b561-c93abc2c011d%22:%91%22layout_background_color__hover%22,%22layout_background_color%22,%22date_highlight_text_color%22%93,%22gcid-ed15a884-bfab-4a16-8ab4-a2e1fa392537%22:%91%22date_highlight_backgroud_color%22%93}&#8220;][\/ecmd_events_layouts][\/et_pb_column][\/et_pb_row][\/et_pb_section]<\/p>\n","protected":false},"excerpt":{"rendered":"<p>PizzaWerk Z\u00fcschenFrische, handgemachte Pizza aus dem Pizza-Anh\u00e4ngerF\u00fcr Feiern, Events &amp; gem\u00fctliche Runden im HochsauerlandWir bringen euch frische Pizza direkt vor Ort \u2013 mit eigenem Pizza-Anh\u00e4nger und viel Liebe zum Detail.Ob [&hellip;]<\/p>\n","protected":false},"author":1,"featured_media":0,"parent":0,"menu_order":0,"comment_status":"closed","ping_status":"closed","template":"","meta":{"_et_pb_use_builder":"on","_et_pb_old_content":"","_et_gb_content_width":"","footnotes":""},"class_list":["post-25","page","type-page","status-publish","hentry"],"yoast_head":"<!-- This site is optimized with the Yoast SEO plugin v26.6 - https:\/\/yoast.com\/wordpress\/plugins\/seo\/ -->\n<title>Startseite - Pizzwawerk Z\u00fcschen<\/title>\n<meta name=\"robots\" content=\"index, follow, max-snippet:-1, max-image-preview:large, max-video-preview:-1\" \/>\n<link rel=\"canonical\" href=\"https:\/\/pizzawerk-zueschen.de\/\" \/>\n<meta property=\"og:locale\" content=\"de_DE\" \/>\n<meta property=\"og:type\" content=\"article\" \/>\n<meta property=\"og:title\" content=\"Startseite - Pizzwawerk Z\u00fcschen\" \/>\n<meta property=\"og:description\" content=\"PizzaWerk Z\u00fcschenFrische, handgemachte Pizza aus dem Pizza-Anh\u00e4ngerF\u00fcr Feiern, Events &amp; gem\u00fctliche Runden im HochsauerlandWir bringen euch frische Pizza direkt vor Ort \u2013 mit eigenem Pizza-Anh\u00e4nger und viel Liebe zum Detail.Ob [&hellip;]\" \/>\n<meta property=\"og:url\" content=\"https:\/\/pizzawerk-zueschen.de\/\" \/>\n<meta property=\"og:site_name\" content=\"Pizzwawerk Z\u00fcschen\" \/>\n<meta property=\"article:modified_time\" content=\"2026-01-19T17:05:31+00:00\" \/>\n<meta name=\"twitter:card\" content=\"summary_large_image\" \/>\n<meta name=\"twitter:label1\" content=\"Gesch\u00e4tzte Lesezeit\" \/>\n\t<meta name=\"twitter:data1\" content=\"6\u00a0Minuten\" \/>\n<script type=\"application\/ld+json\" class=\"yoast-schema-graph\">{\"@context\":\"https:\/\/schema.org\",\"@graph\":[{\"@type\":\"WebPage\",\"@id\":\"https:\/\/pizzawerk-zueschen.de\/\",\"url\":\"https:\/\/pizzawerk-zueschen.de\/\",\"name\":\"Startseite - Pizzwawerk Z\u00fcschen\",\"isPartOf\":{\"@id\":\"https:\/\/pizzawerk-zueschen.de\/#website\"},\"datePublished\":\"2025-11-05T17:20:42+00:00\",\"dateModified\":\"2026-01-19T17:05:31+00:00\",\"breadcrumb\":{\"@id\":\"https:\/\/pizzawerk-zueschen.de\/#breadcrumb\"},\"inLanguage\":\"de\",\"potentialAction\":[{\"@type\":\"ReadAction\",\"target\":[\"https:\/\/pizzawerk-zueschen.de\/\"]}]},{\"@type\":\"BreadcrumbList\",\"@id\":\"https:\/\/pizzawerk-zueschen.de\/#breadcrumb\",\"itemListElement\":[{\"@type\":\"ListItem\",\"position\":1,\"name\":\"Startseite\",\"item\":\"https:\/\/pizzawerk-zueschen.de\/\"},{\"@type\":\"ListItem\",\"position\":2,\"name\":\"Startseite\"}]},{\"@type\":\"WebSite\",\"@id\":\"https:\/\/pizzawerk-zueschen.de\/#website\",\"url\":\"https:\/\/pizzawerk-zueschen.de\/\",\"name\":\"Pizzwawerk Z\u00fcschen\",\"description\":\"\",\"publisher\":{\"@id\":\"https:\/\/pizzawerk-zueschen.de\/#organization\"},\"potentialAction\":[{\"@type\":\"SearchAction\",\"target\":{\"@type\":\"EntryPoint\",\"urlTemplate\":\"https:\/\/pizzawerk-zueschen.de\/?s={search_term_string}\"},\"query-input\":{\"@type\":\"PropertyValueSpecification\",\"valueRequired\":true,\"valueName\":\"search_term_string\"}}],\"inLanguage\":\"de\"},{\"@type\":\"Organization\",\"@id\":\"https:\/\/pizzawerk-zueschen.de\/#organization\",\"name\":\"Pizzwawerk Z\u00fcschen\",\"url\":\"https:\/\/pizzawerk-zueschen.de\/\",\"logo\":{\"@type\":\"ImageObject\",\"inLanguage\":\"de\",\"@id\":\"https:\/\/pizzawerk-zueschen.de\/#\/schema\/logo\/image\/\",\"url\":\"https:\/\/pizzawerk-zueschen.de\/wp-content\/uploads\/2025\/11\/cropped-Beige-Schwarz-Modern-Pizza-Restaurant-Logo.png\",\"contentUrl\":\"https:\/\/pizzawerk-zueschen.de\/wp-content\/uploads\/2025\/11\/cropped-Beige-Schwarz-Modern-Pizza-Restaurant-Logo.png\",\"width\":512,\"height\":512,\"caption\":\"Pizzwawerk Z\u00fcschen\"},\"image\":{\"@id\":\"https:\/\/pizzawerk-zueschen.de\/#\/schema\/logo\/image\/\"},\"sameAs\":[\"https:\/\/www.instagram.com\/pizzawerk_zueschen\/\"]}]}<\/script>\n<!-- \/ Yoast SEO plugin. -->","yoast_head_json":{"title":"Startseite - Pizzwawerk Z\u00fcschen","robots":{"index":"index","follow":"follow","max-snippet":"max-snippet:-1","max-image-preview":"max-image-preview:large","max-video-preview":"max-video-preview:-1"},"canonical":"https:\/\/pizzawerk-zueschen.de\/","og_locale":"de_DE","og_type":"article","og_title":"Startseite - Pizzwawerk Z\u00fcschen","og_description":"PizzaWerk Z\u00fcschenFrische, handgemachte Pizza aus dem Pizza-Anh\u00e4ngerF\u00fcr Feiern, Events &amp; gem\u00fctliche Runden im HochsauerlandWir bringen euch frische Pizza direkt vor Ort \u2013 mit eigenem Pizza-Anh\u00e4nger und viel Liebe zum Detail.Ob [&hellip;]","og_url":"https:\/\/pizzawerk-zueschen.de\/","og_site_name":"Pizzwawerk Z\u00fcschen","article_modified_time":"2026-01-19T17:05:31+00:00","twitter_card":"summary_large_image","twitter_misc":{"Gesch\u00e4tzte Lesezeit":"6\u00a0Minuten"},"schema":{"@context":"https:\/\/schema.org","@graph":[{"@type":"WebPage","@id":"https:\/\/pizzawerk-zueschen.de\/","url":"https:\/\/pizzawerk-zueschen.de\/","name":"Startseite - Pizzwawerk Z\u00fcschen","isPartOf":{"@id":"https:\/\/pizzawerk-zueschen.de\/#website"},"datePublished":"2025-11-05T17:20:42+00:00","dateModified":"2026-01-19T17:05:31+00:00","breadcrumb":{"@id":"https:\/\/pizzawerk-zueschen.de\/#breadcrumb"},"inLanguage":"de","potentialAction":[{"@type":"ReadAction","target":["https:\/\/pizzawerk-zueschen.de\/"]}]},{"@type":"BreadcrumbList","@id":"https:\/\/pizzawerk-zueschen.de\/#breadcrumb","itemListElement":[{"@type":"ListItem","position":1,"name":"Startseite","item":"https:\/\/pizzawerk-zueschen.de\/"},{"@type":"ListItem","position":2,"name":"Startseite"}]},{"@type":"WebSite","@id":"https:\/\/pizzawerk-zueschen.de\/#website","url":"https:\/\/pizzawerk-zueschen.de\/","name":"Pizzwawerk Z\u00fcschen","description":"","publisher":{"@id":"https:\/\/pizzawerk-zueschen.de\/#organization"},"potentialAction":[{"@type":"SearchAction","target":{"@type":"EntryPoint","urlTemplate":"https:\/\/pizzawerk-zueschen.de\/?s={search_term_string}"},"query-input":{"@type":"PropertyValueSpecification","valueRequired":true,"valueName":"search_term_string"}}],"inLanguage":"de"},{"@type":"Organization","@id":"https:\/\/pizzawerk-zueschen.de\/#organization","name":"Pizzwawerk Z\u00fcschen","url":"https:\/\/pizzawerk-zueschen.de\/","logo":{"@type":"ImageObject","inLanguage":"de","@id":"https:\/\/pizzawerk-zueschen.de\/#\/schema\/logo\/image\/","url":"https:\/\/pizzawerk-zueschen.de\/wp-content\/uploads\/2025\/11\/cropped-Beige-Schwarz-Modern-Pizza-Restaurant-Logo.png","contentUrl":"https:\/\/pizzawerk-zueschen.de\/wp-content\/uploads\/2025\/11\/cropped-Beige-Schwarz-Modern-Pizza-Restaurant-Logo.png","width":512,"height":512,"caption":"Pizzwawerk Z\u00fcschen"},"image":{"@id":"https:\/\/pizzawerk-zueschen.de\/#\/schema\/logo\/image\/"},"sameAs":["https:\/\/www.instagram.com\/pizzawerk_zueschen\/"]}]}},"jetpack_sharing_enabled":true,"_links":{"self":[{"href":"https:\/\/pizzawerk-zueschen.de\/index.php?rest_route=\/wp\/v2\/pages\/25","targetHints":{"allow":["GET"]}}],"collection":[{"href":"https:\/\/pizzawerk-zueschen.de\/index.php?rest_route=\/wp\/v2\/pages"}],"about":[{"href":"https:\/\/pizzawerk-zueschen.de\/index.php?rest_route=\/wp\/v2\/types\/page"}],"author":[{"embeddable":true,"href":"https:\/\/pizzawerk-zueschen.de\/index.php?rest_route=\/wp\/v2\/users\/1"}],"replies":[{"embeddable":true,"href":"https:\/\/pizzawerk-zueschen.de\/index.php?rest_route=%2Fwp%2Fv2%2Fcomments&post=25"}],"version-history":[{"count":34,"href":"https:\/\/pizzawerk-zueschen.de\/index.php?rest_route=\/wp\/v2\/pages\/25\/revisions"}],"predecessor-version":[{"id":144,"href":"https:\/\/pizzawerk-zueschen.de\/index.php?rest_route=\/wp\/v2\/pages\/25\/revisions\/144"}],"wp:attachment":[{"href":"https:\/\/pizzawerk-zueschen.de\/index.php?rest_route=%2Fwp%2Fv2%2Fmedia&parent=25"}],"curies":[{"name":"wp","href":"https:\/\/api.w.org\/{rel}","templated":true}]}}